{"id":824,"date":"2020-12-10T18:48:55","date_gmt":"2020-12-10T17:48:55","guid":{"rendered":"https:\/\/www.compostelainserta.com\/?page_id=824"},"modified":"2024-09-04T22:43:34","modified_gmt":"2024-09-04T20:43:34","slug":"recollida-establecementos-hostaleiros","status":"publish","type":"page","link":"https:\/\/www.compostelainserta.com\/gl\/recollida-establecementos-hostaleiros\/","title":{"rendered":"Recollida en Establecementos Hostaleiros"},"content":{"rendered":"\n<style type=\"text\/css\" data-created_by=\"avia_inline_auto\" id=\"style-css-av-99abk-442e053c5eeba1ca5544190e551a9833\">\n#top .av-special-heading.av-99abk-442e053c5eeba1ca5544190e551a9833{\nmargin:30px 0 30px 0;\npadding-bottom:0;\ncolor:#299127;\n}\nbody .av-special-heading.av-99abk-442e053c5eeba1ca5544190e551a9833 .av-special-heading-tag .heading-char{\nfont-size:25px;\n}\n.av-special-heading.av-99abk-442e053c5eeba1ca5544190e551a9833 .special-heading-inner-border{\nborder-color:#299127;\n}\n.av-special-heading.av-99abk-442e053c5eeba1ca5544190e551a9833 .av-subheading{\nfont-size:15px;\n}\n<\/style>\n<div  class='av-special-heading av-99abk-442e053c5eeba1ca5544190e551a9833 av-special-heading-h1 custom-color-heading  avia-builder-el-0  el_before_av_one_full  avia-builder-el-first '><h1 class='av-special-heading-tag '  itemprop=\"headline\"  >Recollida en Establecementos Hostaleiros<\/h1><div class=\"special-heading-border\"><div class=\"special-heading-inner-border\"><\/div><\/div><\/div>\n\n<style type=\"text\/css\" data-created_by=\"avia_inline_auto\" id=\"style-css-av-azuhc-75b0ff25d27da6b9e5a743d476902f37\">\n.flex_column.av-azuhc-75b0ff25d27da6b9e5a743d476902f37{\nborder-radius:0px 0px 0px 0px;\npadding:0px 0px 0px 0px;\n}\n<\/style>\n<div  class='flex_column av-azuhc-75b0ff25d27da6b9e5a743d476902f37 av_one_full  avia-builder-el-1  el_after_av_heading  el_before_av_one_third  first flex_column_div av-zero-column-padding  '     ><section  class='av_textblock_section av-kig6gy9m-daa867c78a9016f1f52857e7b57fbca7 '   itemscope=\"itemscope\" itemtype=\"https:\/\/schema.org\/CreativeWork\" ><div class='avia_textblock'  itemprop=\"text\" ><p>Compostela Inserta \u00e9 a empresa oficial de recollida de aceite vexetal usado do Concello de Santiago de Compostela, \u00fanica empresa cun convenio vixente co Concello e coa Asociaci\u00f3n de Hostaler\u00eda.<\/p>\n<p>Enc\u00e1rgase da recollida de aceite vexetal usado noutros Concellos galegos como pode ser: Teo, Boiro, Rianxo, Muros&#8230;.<\/p>\n<p>A xesti\u00f3n do residuo do aceite nos establecementos hostaleiros \u00e9 contratada e xestionada polos titulares dos mesmos, nos que recae directamente a responsabilidade da correcta ou incorrecta xesti\u00f3n.<\/p>\n<p>A recollida para este sector, faise mediante a sinatura dun convenio de colaboraci\u00f3n entre Compostela Inserta e os establecementos hostaleiros ou produtores do residuo; po\u00f1endo \u00e1 s\u00faa disposici\u00f3n e de xeito gratu\u00edto un bid\u00f3n industrial homologado para a almacenaxe e posterior retirada do residuo.<\/p>\n<p><strong><span style=\"color: #000000;\">\u00a0 \u00a0 \u00a0 \u00a0 \u00a0 \u00a0 \u00a0 \u00a0 \u00a0 \u00a0 \u00a0 \u00a0 \u00a0 \u00a0 \u00a0 \u00a0 \u00a0 \u00a0 \u00a0 \u00a0 \u00a0 \u00a0 \u00a0 \u00a0 \u00a0 \u00a0 \u00a0 \u00a0 \u00a0 \u00a0 \u00a0 \u00a0 \u00a0 \u00a0 \u00a0 \u00a0 \u00a0 \u00a0 \u00a0 \u00a0 \u00a0 \u00a0 \u00a0 \u00a0 \u00a0 \u00a0 \u00a0 \u00a0 \u00a0 \u00a0 \u00a0 \u00a0 \u00a0 \u00a0 \u00a0 \u00a0 \u00a0 \u00a0\u00a0<\/span><\/strong><\/p>\n<p><strong><span style=\"color: #000000;\">\u00a0 \u00a0 \u00a0 \u00a0 \u00a0 \u00a0 \u00a0 \u00a0 \u00a0 \u00a0 \u00a0 \u00a0 \u00a0 \u00a0 \u00a0 \u00a0 \u00a0 \u00a0 \u00a0 \u00a0 \u00a0 \u00a0 \u00a0 \u00a0 \u00a0 \u00a0 \u00a0 \u00a0 \u00a0 \u00a0 \u00a0 \u00a0 \u00a0 \u00a0 \u00a0 \u00a0 \u00a0 \u00a0 \u00a0 \u00a0 \u00a0 \u00a0 \u00a0 \u00a0 \u00a0 \u00a0 \u00a0 \u00a0 \u00a0 \u00a0 \u00a0 \u00a0 \u00a0 RECOLLIDA GRATU\u00cdTA!<\/span><\/strong><\/p>\n<\/div><\/section><\/div>\n\n<style type=\"text\/css\" data-created_by=\"avia_inline_auto\" id=\"style-css-av-9q6cg-ca208d7f5b64c22cf99ae4dce5670b19\">\n.flex_column.av-9q6cg-ca208d7f5b64c22cf99ae4dce5670b19{\nborder-radius:0px 0px 0px 0px;\npadding:0px 0px 0px 0px;\n}\n<\/style>\n<div  class='flex_column av-9q6cg-ca208d7f5b64c22cf99ae4dce5670b19 av_one_third  avia-builder-el-3  el_after_av_one_full  el_before_av_one_third  first flex_column_div av-zero-column-padding  column-top-margin'     ><style type=\"text\/css\" data-created_by=\"avia_inline_auto\" id=\"style-css-av-kivxw4j4-ae49863e03180dd16858550ca3b38024\">\n.avia-image-container.av-kivxw4j4-ae49863e03180dd16858550ca3b38024 img.avia_image{\nbox-shadow:none;\n}\n.avia-image-container.av-kivxw4j4-ae49863e03180dd16858550ca3b38024 .av-caption-image-overlay-bg{\nopacity:0.4;\nbackground-color:#000000;\n}\n.avia-image-container.av-kivxw4j4-ae49863e03180dd16858550ca3b38024 .av-image-caption-overlay-center{\ncolor:#ffffff;\n}\n<\/style>\n<div  class='avia-image-container av-kivxw4j4-ae49863e03180dd16858550ca3b38024 av-styling- av-img-linked avia-align-center  avia-builder-el-4  avia-builder-el-no-sibling  noHover av-overlay-hover-deactivate'   itemprop=\"image\" itemscope=\"itemscope\" itemtype=\"https:\/\/schema.org\/ImageObject\" ><div class=\"avia-image-container-inner\"><div class=\"avia-image-overlay-wrap\"><a href=\"https:\/\/www.compostelainserta.com\/gl\/convenio\/\" class='avia_image '  aria-label='Firma Convenio de Recollida cos Establecementos Hostaleiros'><div class=\"av-image-caption-overlay\"><div class=\"av-caption-image-overlay-bg\"><\/div><div class=\"av-image-caption-overlay-position\"><div class=\"av-image-caption-overlay-center\"><p>Accede \u00f3 Convenio co Concello de Santiago<\/p>\n<\/div><\/div><\/div><img decoding=\"async\" fetchpriority=\"high\" class='wp-image-900 avia-img-lazy-loading-not-900 avia_image ' src=\"https:\/\/www.compostelainserta.com\/wp-content\/uploads\/2020\/12\/Imagen1-e1608395286763.jpg\" alt='Firma Convenio de Recollida cos Establecementos Hostaleiros' title='Firma Convenio de Recollida cos Establecementos Hostaleiros'  height=\"480\" width=\"640\"  itemprop=\"thumbnailUrl\"  \/><\/a><\/div><\/div><\/div><\/div>\n\n<style type=\"text\/css\" data-created_by=\"avia_inline_auto\" id=\"style-css-av-9q6cg-13-6640f146808c4b140d096a4c0f758235\">\n.flex_column.av-9q6cg-13-6640f146808c4b140d096a4c0f758235{\nborder-radius:0px 0px 0px 0px;\npadding:0px 0px 0px 0px;\n}\n<\/style>\n<div  class='flex_column av-9q6cg-13-6640f146808c4b140d096a4c0f758235 av_one_third  avia-builder-el-5  el_after_av_one_third  el_before_av_one_third  flex_column_div av-zero-column-padding  column-top-margin'     ><\/div>\n\n<style type=\"text\/css\" data-created_by=\"avia_inline_auto\" id=\"style-css-av-9q6cg-11-ac2d1f96c78f5b11a3c35b3875d6f0ed\">\n.flex_column.av-9q6cg-11-ac2d1f96c78f5b11a3c35b3875d6f0ed{\nborder-radius:0px 0px 0px 0px;\npadding:0px 0px 0px 0px;\n}\n<\/style>\n<div  class='flex_column av-9q6cg-11-ac2d1f96c78f5b11a3c35b3875d6f0ed av_one_third  avia-builder-el-6  el_after_av_one_third  el_before_av_one_third  flex_column_div av-zero-column-padding  column-top-margin'     ><style type=\"text\/css\" data-created_by=\"avia_inline_auto\" id=\"style-css-av-kivxw4j4-12-8d04ef18393515b8d7e3351e0a7c153b\">\n.avia-image-container.av-kivxw4j4-12-8d04ef18393515b8d7e3351e0a7c153b img.avia_image{\nbox-shadow:none;\n}\n.avia-image-container.av-kivxw4j4-12-8d04ef18393515b8d7e3351e0a7c153b .av-caption-image-overlay-bg{\nopacity:0.4;\nbackground-color:#000000;\n}\n.avia-image-container.av-kivxw4j4-12-8d04ef18393515b8d7e3351e0a7c153b .av-image-caption-overlay-center{\ncolor:#ffffff;\n}\n<\/style>\n<div  class='avia-image-container av-kivxw4j4-12-8d04ef18393515b8d7e3351e0a7c153b av-styling- av-img-linked avia-align-center  avia-builder-el-7  avia-builder-el-no-sibling  noHover av-overlay-hover-deactivate'   itemprop=\"image\" itemscope=\"itemscope\" itemtype=\"https:\/\/schema.org\/ImageObject\" ><div class=\"avia-image-container-inner\"><div class=\"avia-image-overlay-wrap\"><a href=\"https:\/\/www.compostelainserta.com\/gl\/onde-estamos\/\" class='avia_image '  aria-label='solicitar informaci\u00f3n'><div class=\"av-image-caption-overlay\"><div class=\"av-caption-image-overlay-bg\"><\/div><div class=\"av-image-caption-overlay-position\"><div class=\"av-image-caption-overlay-center\"><p>Solicita recollida<\/p>\n<\/div><\/div><\/div><img decoding=\"async\" fetchpriority=\"high\" class='wp-image-993 avia-img-lazy-loading-not-993 avia_image ' src=\"https:\/\/www.compostelainserta.com\/wp-content\/uploads\/2020\/12\/solicitar-informacion.jpg\" alt='solicitar informaci\u00f3n' title='solicitar informaci\u00f3n'  height=\"480\" width=\"640\"  itemprop=\"thumbnailUrl\" srcset=\"https:\/\/www.compostelainserta.com\/wp-content\/uploads\/2020\/12\/solicitar-informacion.jpg 640w, https:\/\/www.compostelainserta.com\/wp-content\/uploads\/2020\/12\/solicitar-informacion-300x225.jpg 300w\" sizes=\"(max-width: 640px) 100vw, 640px\" \/><\/a><\/div><\/div><\/div><\/div>\n\n<style type=\"text\/css\" data-created_by=\"avia_inline_auto\" id=\"style-css-av-8e494-0fa061d6b3af58b969b0990e451bbd39\">\n.flex_column.av-8e494-0fa061d6b3af58b969b0990e451bbd39{\nborder-radius:0px 0px 0px 0px;\npadding:0px 0px 0px 0px;\n}\n<\/style>\n<div  class='flex_column av-8e494-0fa061d6b3af58b969b0990e451bbd39 av_one_third  avia-builder-el-8  el_after_av_one_third  el_before_av_one_third  first flex_column_div av-zero-column-padding  column-top-margin'     ><style type=\"text\/css\" data-created_by=\"avia_inline_auto\" id=\"style-css-av-kig8bdst-31dcf647ddd8f48b1e81888f2e82d2cc\">\n#top #wrap_all .iconbox.av-kig8bdst-31dcf647ddd8f48b1e81888f2e82d2cc .iconbox_content_title{\ncolor:#299127;\n}\n<\/style>\n<article  class='iconbox iconbox_left_content av-kig8bdst-31dcf647ddd8f48b1e81888f2e82d2cc  avia-builder-el-9  avia-builder-el-no-sibling '  itemscope=\"itemscope\" itemtype=\"https:\/\/schema.org\/CreativeWork\" ><div class='iconbox_icon heading-color avia-iconfont avia-font-entypo-fontello' data-av_icon='\ue862' data-av_iconfont='entypo-fontello'  ><\/div><div class=\"iconbox_content\"><header class=\"entry-content-header\" aria-label=\"Icon: Recollida Peri\u00f3dica\"><h3 class='iconbox_content_title '  itemprop=\"headline\" >Recollida Peri\u00f3dica<\/h3><\/header><div class='iconbox_content_container '  itemprop=\"text\" ><p>Realizamos o mellor servizo de recollida de aceite, adapt\u00e1ndonos \u00e1s necesidades dos nosos clientes.<\/p>\n<\/div><\/div><footer class=\"entry-footer\"><\/footer><\/article><\/div>\n\n<style type=\"text\/css\" data-created_by=\"avia_inline_auto\" id=\"style-css-av-8e494-10-2099ffa54294e07f05fd0a090087cc66\">\n.flex_column.av-8e494-10-2099ffa54294e07f05fd0a090087cc66{\nborder-radius:0px 0px 0px 0px;\npadding:0px 0px 0px 0px;\n}\n<\/style>\n<div  class='flex_column av-8e494-10-2099ffa54294e07f05fd0a090087cc66 av_one_third  avia-builder-el-10  el_after_av_one_third  el_before_av_one_third  flex_column_div av-zero-column-padding  column-top-margin'     ><style type=\"text\/css\" data-created_by=\"avia_inline_auto\" id=\"style-css-av-kig8bdst-9-45fa9f7825f24c4d96fbbdff2f409700\">\n#top #wrap_all .iconbox.av-kig8bdst-9-45fa9f7825f24c4d96fbbdff2f409700 .iconbox_content_title{\ncolor:#299127;\n}\n<\/style>\n<article  class='iconbox iconbox_left_content av-kig8bdst-9-45fa9f7825f24c4d96fbbdff2f409700  avia-builder-el-11  avia-builder-el-no-sibling '  itemscope=\"itemscope\" itemtype=\"https:\/\/schema.org\/CreativeWork\" ><div class='iconbox_icon heading-color avia-iconfont avia-font-entypo-fontello' data-av_icon='\ue8ba' data-av_iconfont='entypo-fontello'  ><\/div><div class=\"iconbox_content\"><header class=\"entry-content-header\" aria-label=\"Icon: Recollida Gratu\u00edta\"><h3 class='iconbox_content_title '  itemprop=\"headline\" >Recollida Gratu\u00edta<\/h3><\/header><div class='iconbox_content_container '  itemprop=\"text\" ><p>A recollida \u00e9 gratu\u00edta.<\/p>\n<\/div><\/div><footer class=\"entry-footer\"><\/footer><\/article><\/div>\n\n<style type=\"text\/css\" data-created_by=\"avia_inline_auto\" id=\"style-css-av-8e494-8-90b7c005e17a8edbc44b8f453625026a\">\n.flex_column.av-8e494-8-90b7c005e17a8edbc44b8f453625026a{\nborder-radius:0px 0px 0px 0px;\npadding:0px 0px 0px 0px;\n}\n<\/style>\n<div  class='flex_column av-8e494-8-90b7c005e17a8edbc44b8f453625026a av_one_third  avia-builder-el-12  el_after_av_one_third  el_before_av_one_third  flex_column_div av-zero-column-padding  column-top-margin'     ><style type=\"text\/css\" data-created_by=\"avia_inline_auto\" id=\"style-css-av-kig8bdst-7-5dacc85217ae1a4c466f202c1d66f91f\">\n#top #wrap_all .iconbox.av-kig8bdst-7-5dacc85217ae1a4c466f202c1d66f91f .iconbox_content_title{\ncolor:#299127;\n}\n<\/style>\n<article  class='iconbox iconbox_left_content av-kig8bdst-7-5dacc85217ae1a4c466f202c1d66f91f  avia-builder-el-13  avia-builder-el-no-sibling '  itemscope=\"itemscope\" itemtype=\"https:\/\/schema.org\/CreativeWork\" ><div class='iconbox_icon heading-color avia-iconfont avia-font-entypo-fontello' data-av_icon='\ue84c' data-av_iconfont='entypo-fontello'  ><\/div><div class=\"iconbox_content\"><header class=\"entry-content-header\" aria-label=\"Icon: Xustificantes de Recollida\"><h3 class='iconbox_content_title '  itemprop=\"headline\" >Xustificantes de Recollida<\/h3><\/header><div class='iconbox_content_container '  itemprop=\"text\" ><p>A correcta xesti\u00f3n do aceite vexetal usado, require ter a documentaci\u00f3n legal\u00a0 esixida pola Xunta de Galicia. Facemos entrega da documentaci\u00f3n necesaria.<\/p>\n<\/div><\/div><footer class=\"entry-footer\"><\/footer><\/article><\/div>\n\n<style type=\"text\/css\" data-created_by=\"avia_inline_auto\" id=\"style-css-av-8e494-6-b31027f25551a2353c3e2e6e9fec8623\">\n.flex_column.av-8e494-6-b31027f25551a2353c3e2e6e9fec8623{\nborder-radius:0px 0px 0px 0px;\npadding:0px 0px 0px 0px;\n}\n<\/style>\n<div  class='flex_column av-8e494-6-b31027f25551a2353c3e2e6e9fec8623 av_one_third  avia-builder-el-14  el_after_av_one_third  el_before_av_one_third  first flex_column_div av-zero-column-padding  column-top-margin'     ><style type=\"text\/css\" data-created_by=\"avia_inline_auto\" id=\"style-css-av-kig8bdst-5-14ddffe1889f07511b8bf4573cf08033\">\n#top #wrap_all .iconbox.av-kig8bdst-5-14ddffe1889f07511b8bf4573cf08033 .iconbox_content_title{\ncolor:#299127;\n}\n<\/style>\n<article  class='iconbox iconbox_left_content av-kig8bdst-5-14ddffe1889f07511b8bf4573cf08033  avia-builder-el-15  avia-builder-el-no-sibling '  itemscope=\"itemscope\" itemtype=\"https:\/\/schema.org\/CreativeWork\" ><div class='iconbox_icon heading-color avia-iconfont avia-font-entypo-fontello' data-av_icon='\ue841' data-av_iconfont='entypo-fontello'  ><\/div><div class=\"iconbox_content\"><header class=\"entry-content-header\" aria-label=\"Icon: Transportista Autorizado\"><h3 class='iconbox_content_title '  itemprop=\"headline\" >Transportista Autorizado<\/h3><\/header><div class='iconbox_content_container '  itemprop=\"text\" ><p>Somos empresa autorizada pola Xunta de Galicia para transportar residuos procedentes de aceites vexetais.<\/p>\n<\/div><\/div><footer class=\"entry-footer\"><\/footer><\/article><\/div>\n\n<style type=\"text\/css\" data-created_by=\"avia_inline_auto\" id=\"style-css-av-8e494-4-b9f2d5b44e6aa1b0119a5466e382fd13\">\n.flex_column.av-8e494-4-b9f2d5b44e6aa1b0119a5466e382fd13{\nborder-radius:0px 0px 0px 0px;\npadding:0px 0px 0px 0px;\n}\n<\/style>\n<div  class='flex_column av-8e494-4-b9f2d5b44e6aa1b0119a5466e382fd13 av_one_third  avia-builder-el-16  el_after_av_one_third  el_before_av_one_third  flex_column_div av-zero-column-padding  column-top-margin'     ><style type=\"text\/css\" data-created_by=\"avia_inline_auto\" id=\"style-css-av-kig8bdst-3-49b8633196a7d9ae9b91491a1c7ce42a\">\n#top #wrap_all .iconbox.av-kig8bdst-3-49b8633196a7d9ae9b91491a1c7ce42a .iconbox_content_title{\ncolor:#299127;\n}\n<\/style>\n<article  class='iconbox iconbox_left_content av-kig8bdst-3-49b8633196a7d9ae9b91491a1c7ce42a  avia-builder-el-17  avia-builder-el-no-sibling '  itemscope=\"itemscope\" itemtype=\"https:\/\/schema.org\/CreativeWork\" ><div class='iconbox_icon heading-color avia-iconfont avia-font-entypo-fontello' data-av_icon='\ue891' data-av_iconfont='entypo-fontello'  ><\/div><div class=\"iconbox_content\"><header class=\"entry-content-header\" aria-label=\"Icon: Reciclaxe\"><h3 class='iconbox_content_title '  itemprop=\"headline\" >Reciclaxe<\/h3><\/header><div class='iconbox_content_container '  itemprop=\"text\" ><p>Somos eslab\u00f3n da Econom\u00eda Circular, colaboramos na conversi\u00f3n de un residuo nun recurso: Biodiesel.<\/p>\n<\/div><\/div><footer class=\"entry-footer\"><\/footer><\/article><\/div>\n\n<style type=\"text\/css\" data-created_by=\"avia_inline_auto\" id=\"style-css-av-8e494-2-f4ffeeb89442e006804b9d812775d44d\">\n.flex_column.av-8e494-2-f4ffeeb89442e006804b9d812775d44d{\nborder-radius:0px 0px 0px 0px;\npadding:0px 0px 0px 0px;\n}\n<\/style>\n<div  class='flex_column av-8e494-2-f4ffeeb89442e006804b9d812775d44d av_one_third  avia-builder-el-18  el_after_av_one_third  avia-builder-el-last  flex_column_div av-zero-column-padding  column-top-margin'     ><style type=\"text\/css\" data-created_by=\"avia_inline_auto\" id=\"style-css-av-kig8bdst-1-9e4eadc5f0d89946d11f090c1d67d1cb\">\n#top #wrap_all .iconbox.av-kig8bdst-1-9e4eadc5f0d89946d11f090c1d67d1cb .iconbox_content_title{\ncolor:#299127;\n}\n<\/style>\n<article  class='iconbox iconbox_left_content av-kig8bdst-1-9e4eadc5f0d89946d11f090c1d67d1cb  avia-builder-el-19  avia-builder-el-no-sibling '  itemscope=\"itemscope\" itemtype=\"https:\/\/schema.org\/CreativeWork\" ><div class='iconbox_icon heading-color avia-iconfont avia-font-entypo-fontello' data-av_icon='\ue81f' data-av_iconfont='entypo-fontello'  ><\/div><div class=\"iconbox_content\"><header class=\"entry-content-header\" aria-label=\"Icon: R\u00e1pida Resposta\"><h3 class='iconbox_content_title '  itemprop=\"headline\" >R\u00e1pida Resposta<\/h3><\/header><div class='iconbox_content_container '  itemprop=\"text\" ><p>Contacte con n\u00f3s. Dispo\u00f1emos de persoal cualificado para ofrecer resposta a todas as s\u00faas d\u00fabidas.<\/p>\n<\/div><\/div><footer class=\"entry-footer\"><\/footer><\/article><\/div>\n","protected":false},"excerpt":{"rendered":"","protected":false},"author":1,"featured_media":0,"parent":0,"menu_order":0,"comment_status":"closed","ping_status":"closed","template":"","meta":{"_joinchat":[],"footnotes":""},"class_list":["post-824","page","type-page","status-publish","hentry"],"_links":{"self":[{"href":"https:\/\/www.compostelainserta.com\/gl\/wp-json\/wp\/v2\/pages\/824","targetHints":{"allow":["GET"]}}],"collection":[{"href":"https:\/\/www.compostelainserta.com\/gl\/wp-json\/wp\/v2\/pages"}],"about":[{"href":"https:\/\/www.compostelainserta.com\/gl\/wp-json\/wp\/v2\/types\/page"}],"author":[{"embeddable":true,"href":"https:\/\/www.compostelainserta.com\/gl\/wp-json\/wp\/v2\/users\/1"}],"replies":[{"embeddable":true,"href":"https:\/\/www.compostelainserta.com\/gl\/wp-json\/wp\/v2\/comments?post=824"}],"version-history":[{"count":3,"href":"https:\/\/www.compostelainserta.com\/gl\/wp-json\/wp\/v2\/pages\/824\/revisions"}],"predecessor-version":[{"id":1821,"href":"https:\/\/www.compostelainserta.com\/gl\/wp-json\/wp\/v2\/pages\/824\/revisions\/1821"}],"wp:attachment":[{"href":"https:\/\/www.compostelainserta.com\/gl\/wp-json\/wp\/v2\/media?parent=824"}],"curies":[{"name":"wp","href":"https:\/\/api.w.org\/{rel}","templated":true}]}}