{"id":241,"date":"2024-09-25T11:37:09","date_gmt":"2024-09-25T09:37:09","guid":{"rendered":"http:\/\/smallbiz\/?page_id=11"},"modified":"2026-03-17T03:07:24","modified_gmt":"2026-03-17T02:07:24","slug":"compostela-inserta","status":"publish","type":"page","link":"https:\/\/www.compostelainserta.com\/gl\/","title":{"rendered":"Compostela Inserta"},"content":{"rendered":"<div id='full_slider_1'  class='avia-fullwidth-slider main_color avia-shadow   avia-builder-el-0  el_before_av_section  avia-builder-el-first   container_wrap fullsize'  ><div  class='avia-slideshow av-gnzq1-4e3199fb7c69b058ebd8068f2ebdd6f1 avia-slideshow-featured_large av_slideshow_full avia-slide-slider av-slideshow-ui av-control-default av-slideshow-autoplay av-loop-endless av-loop-manual-endless av-default-height-applied   avia-slideshow-1' data-slideshow-options=\"{&quot;animation&quot;:&quot;slide&quot;,&quot;autoplay&quot;:true,&quot;loop_autoplay&quot;:&quot;endless&quot;,&quot;interval&quot;:5,&quot;loop_manual&quot;:&quot;manual-endless&quot;,&quot;autoplay_stopper&quot;:false,&quot;noNavigation&quot;:false,&quot;bg_slider&quot;:false,&quot;keep_padding&quot;:false,&quot;hoverpause&quot;:false,&quot;show_slide_delay&quot;:0}\"  itemprop=\"image\" itemscope=\"itemscope\" itemtype=\"https:\/\/schema.org\/ImageObject\" ><ul class='avia-slideshow-inner ' style='padding-bottom: 42%;'><li  class='avia-slideshow-slide av-gnzq1-4e3199fb7c69b058ebd8068f2ebdd6f1__0  slide-1 slide-odd'><a href=\"https:\/\/www.compostelainserta.com\/gl\/recollida-aceite-vexetal-usado\/\"  data-rel='slideshow-1' class='avia-slide-wrap '   ><div class='av-slideshow-caption av-gnzq1-4e3199fb7c69b058ebd8068f2ebdd6f1__0 caption_fullwidth caption_right caption_right_framed caption_framed'><div class=\"container caption_container\"><div class=\"slideshow_caption\"><div class=\"slideshow_inner_caption\"><div class=\"slideshow_align_caption\"><h2 class='avia-caption-title '  itemprop=\"name\" >Servizo de Recollida de Aceite Vexetal Usado<\/h2><div class='avia-caption-content '  itemprop=\"description\" ><p>Contribu\u00edmos na mitigaci\u00f3n dos impactos adversos sobre a sa\u00fade humana e o medio ambiente<\/p>\n<\/div><\/div><\/div><\/div><\/div><\/div><img decoding=\"async\" fetchpriority=\"high\" class=\"wp-image-689 avia-img-lazy-loading-not-689\"  src=\"https:\/\/www.compostelainserta.com\/wp-content\/uploads\/2020\/12\/recollida-aceites-1500x630.jpg\" width=\"1500\" height=\"630\" title='recollida aceites' alt='recollida aceites'  itemprop=\"thumbnailUrl\"   \/><\/a><\/li><li  class='avia-slideshow-slide av-gnzq1-4e3199fb7c69b058ebd8068f2ebdd6f1__1  slide-2 slide-even'><a href=\"https:\/\/www.compostelainserta.com\/gl\/transportes-e-mudanzas\/\"  data-rel='slideshow-1' class='avia-slide-wrap '   ><div class='av-slideshow-caption av-gnzq1-4e3199fb7c69b058ebd8068f2ebdd6f1__1 caption_fullwidth caption_right caption_right_framed caption_framed'><div class=\"container caption_container\"><div class=\"slideshow_caption\"><div class=\"slideshow_inner_caption\"><div class=\"slideshow_align_caption\"><h2 class='avia-caption-title '  itemprop=\"name\" >Servizo de Transporte de Mercanc\u00eda e montaxes de exposici\u00f3n<\/h2><div class='avia-caption-content '  itemprop=\"description\" ><p>realizamos dende pequenos portes privados ata portes de car\u00e1cter p\u00fablico<\/p>\n<\/div><\/div><\/div><\/div><\/div><\/div><img decoding=\"async\" fetchpriority=\"high\" class=\"wp-image-682 avia-img-lazy-loading-not-682\"  src=\"https:\/\/www.compostelainserta.com\/wp-content\/uploads\/2020\/12\/transporte-mercancias-5-1500x630.jpg\" width=\"1500\" height=\"630\" title='transporte mercancias' alt='transporte mercancias'  itemprop=\"thumbnailUrl\"   \/><\/a><\/li><li  class='avia-slideshow-slide av-gnzq1-4e3199fb7c69b058ebd8068f2ebdd6f1__2  slide-3 slide-odd'><a href=\"https:\/\/www.compostelainserta.com\/gl\/servizo-de-limpeza-e-desinfeccion-profesional\/\"  data-rel='slideshow-1' class='avia-slide-wrap '   ><div class='av-slideshow-caption av-gnzq1-4e3199fb7c69b058ebd8068f2ebdd6f1__2 caption_fullwidth caption_bottom caption_bottom_framed caption_framed'><div class=\"container caption_container\"><div class=\"slideshow_caption\"><div class=\"slideshow_inner_caption\"><div class=\"slideshow_align_caption\"><h2 class='avia-caption-title '  itemprop=\"name\" >Servizo de Limpeza e Desinfecci\u00f3n Profesional<\/h2><div class='avia-caption-content '  itemprop=\"description\" ><p>Colaboramos cos servizos p\u00fablicos e entidades privadas realizando servizos de limpezas e mantemento profesionais de empresas, oficinas, comunidades de propietarios, establecementos comerciais, con car\u00e1cter diario ou semanal<\/p>\n<\/div><\/div><\/div><\/div><\/div><\/div><img decoding=\"async\" fetchpriority=\"high\" class=\"wp-image-686 avia-img-lazy-loading-not-686\"  src=\"https:\/\/www.compostelainserta.com\/wp-content\/uploads\/2020\/12\/servizo-limpeza-1500x630.jpg\" width=\"1500\" height=\"630\" title='servizo limpeza' alt='servizo limpeza'  itemprop=\"thumbnailUrl\"   \/><\/a><\/li><\/ul><div class='avia-slideshow-arrows avia-slideshow-controls' ><a href='#prev' class='prev-slide  avia-svg-icon avia-font-svg_entypo-fontello' data-av_svg_icon='left-open-big' data-av_iconset='svg_entypo-fontello' tabindex='-1' title=\"Previous\"><svg version=\"1.1\" xmlns=\"http:\/\/www.w3.org\/2000\/svg\" width=\"15\" height=\"32\" viewBox=\"0 0 15 32\" preserveAspectRatio=\"xMidYMid meet\" aria-labelledby='av-svg-title-1' aria-describedby='av-svg-desc-1' role=\"graphics-symbol\" aria-hidden=\"true\">\n<title id='av-svg-title-1'>Previous<\/title>\n<desc id='av-svg-desc-1'>Previous<\/desc>\n<path d=\"M14.464 27.84q0.832 0.832 0 1.536-0.832 0.832-1.536 0l-12.544-12.608q-0.768-0.768 0-1.6l12.544-12.608q0.704-0.832 1.536 0 0.832 0.704 0 1.536l-11.456 11.904z\"><\/path>\n<\/svg><span class='avia_hidden_link_text'>Previous<\/span><\/a><a href='#next' class='next-slide  avia-svg-icon avia-font-svg_entypo-fontello' data-av_svg_icon='right-open-big' data-av_iconset='svg_entypo-fontello' tabindex='-1' title=\"Next\"><svg version=\"1.1\" xmlns=\"http:\/\/www.w3.org\/2000\/svg\" width=\"15\" height=\"32\" viewBox=\"0 0 15 32\" preserveAspectRatio=\"xMidYMid meet\" aria-labelledby='av-svg-title-2' aria-describedby='av-svg-desc-2' role=\"graphics-symbol\" aria-hidden=\"true\">\n<title id='av-svg-title-2'>Next<\/title>\n<desc id='av-svg-desc-2'>Next<\/desc>\n<path d=\"M0.416 27.84l11.456-11.84-11.456-11.904q-0.832-0.832 0-1.536 0.832-0.832 1.536 0l12.544 12.608q0.768 0.832 0 1.6l-12.544 12.608q-0.704 0.832-1.536 0-0.832-0.704 0-1.536z\"><\/path>\n<\/svg><span class='avia_hidden_link_text'>Next<\/span><\/a><\/div><div class='avia-slideshow-dots avia-slideshow-controls'><a href='#1' class='goto-slide active' >1<\/a><a href='#2' class='goto-slide ' >2<\/a><a href='#3' class='goto-slide ' >3<\/a><\/div><\/div><\/div>\n\n<style type=\"text\/css\" data-created_by=\"avia_inline_auto\" id=\"style-css-av-jkwotzct-17a0f980f316cd3d2a8bce0d0270e88e\">\n.avia-section.av-jkwotzct-17a0f980f316cd3d2a8bce0d0270e88e{\nbackground-color:#299127;\nbackground-repeat:no-repeat;\nbackground-image:url(https:\/\/www.compostelainserta.com\/wp-content\/uploads\/2018\/10\/hero-pattern.png), linear-gradient( to top right, #299127, #299127 );\nbackground-position:50% 50%;\nbackground-attachment:scroll;\nmargin-top:0px;\nmargin-bottom:0px;\n}\n.avia-section.av-jkwotzct-17a0f980f316cd3d2a8bce0d0270e88e .av-extra-border-element .av-extra-border-inner{\nbackground-color:#ffffff;\n}\n<\/style>\n<div id='services'  class='avia-section av-jkwotzct-17a0f980f316cd3d2a8bce0d0270e88e main_color avia-section-large avia-no-border-styling  avia-builder-el-1  el_after_av_slideshow_full  el_before_av_section  avia-full-stretch avia-bg-style-scroll container_wrap fullsize'  data-section-bg-repeat='stretch'><div class='container av-section-cont-open' ><div class='template-page content  av-content-full alpha units'><div class='post-entry post-entry-type-page post-entry-241'><div class='entry-content-wrapper clearfix'>\n\n<style type=\"text\/css\" data-created_by=\"avia_inline_auto\" id=\"style-css-av-nl4ux-1683b938ffb6ebd1667bd17344bb4b1f\">\n#top .av-special-heading.av-nl4ux-1683b938ffb6ebd1667bd17344bb4b1f{\nmargin:0 0 0.7em 0;\npadding-bottom:20px;\ncolor:#ffffff;\nfont-size:53px;\n}\nbody .av-special-heading.av-nl4ux-1683b938ffb6ebd1667bd17344bb4b1f .av-special-heading-tag .heading-char{\nfont-size:25px;\n}\n#top #wrap_all .av-special-heading.av-nl4ux-1683b938ffb6ebd1667bd17344bb4b1f .av-special-heading-tag{\nfont-size:53px;\n}\n.av-special-heading.av-nl4ux-1683b938ffb6ebd1667bd17344bb4b1f .special-heading-inner-border{\nborder-color:#ffffff;\n}\n.av-special-heading.av-nl4ux-1683b938ffb6ebd1667bd17344bb4b1f .av-subheading{\nfont-size:23px;\n}\n\n@media only screen and (min-width: 480px) and (max-width: 767px){ \n#top #wrap_all .av-special-heading.av-nl4ux-1683b938ffb6ebd1667bd17344bb4b1f .av-special-heading-tag{\nfont-size:0.8em;\n}\n}\n\n@media only screen and (max-width: 479px){ \n#top #wrap_all .av-special-heading.av-nl4ux-1683b938ffb6ebd1667bd17344bb4b1f .av-special-heading-tag{\nfont-size:0.8em;\n}\n}\n<\/style>\n<div  class='av-special-heading av-nl4ux-1683b938ffb6ebd1667bd17344bb4b1f av-special-heading-h1 custom-color-heading blockquote modern-quote modern-centered  avia-builder-el-2  el_before_av_one_full  avia-builder-el-first  av-inherit-size'><h1 class='av-special-heading-tag '  itemprop=\"headline\"  >Servizos<\/h1><div class=\"special-heading-border\"><div class=\"special-heading-inner-border\"><\/div><\/div><\/div>\n\n<style type=\"text\/css\" data-created_by=\"avia_inline_auto\" id=\"style-css-av-jn35vatz-acf5b3faff731054f83eb12a0783acd5\">\n.flex_column.av-jn35vatz-acf5b3faff731054f83eb12a0783acd5{\nborder-radius:0px 0px 0px 0px;\npadding:0px 0px 0px 0px;\n}\n<\/style>\n<div  class='flex_column av-jn35vatz-acf5b3faff731054f83eb12a0783acd5 av_one_full  avia-builder-el-3  el_after_av_heading  el_before_av_hr  first flex_column_div av-animated-generic pop-up av-zero-column-padding  '     ><style type=\"text\/css\" data-created_by=\"avia_inline_auto\" id=\"style-css-av-upudd-4b2d7c362e655b126809ea7e44daa937\">\n.avia-icon-grid-container.av-upudd-4b2d7c362e655b126809ea7e44daa937 .avia-icongrid{\njustify-content:space-between;\n}\n.avia-icon-grid-container.av-upudd-4b2d7c362e655b126809ea7e44daa937 .avia-icongrid-wrapper .avia-icongrid-icon{\ncolor:#ffffff;\n}\n.avia-icon-grid-container.av-upudd-4b2d7c362e655b126809ea7e44daa937 .avia-icongrid-wrapper .avia-icongrid-icon .icongrid-char.avia-svg-icon svg:first-child{\nfill:#ffffff;\nstroke:#ffffff;\n}\n.avia-icon-grid-container.av-upudd-4b2d7c362e655b126809ea7e44daa937 .avia-icongrid-wrapper .icongrid_title{\nfont-size:18px;\ncolor:#ffffff;\n}\n.avia-icon-grid-container.av-upudd-4b2d7c362e655b126809ea7e44daa937 .avia-icongrid-wrapper .icongrid_subtitle{\nfont-size:15px;\ncolor:rgba(255,255,255,0.49);\n}\n.avia-icon-grid-container.av-upudd-4b2d7c362e655b126809ea7e44daa937 .avia-icongrid-wrapper .avia-icongrid-content .avia-icongrid-text{\ncolor:rgba(255,255,255,0.78);\n}\n.avia-icon-grid-container.av-upudd-4b2d7c362e655b126809ea7e44daa937 .avia-icongrid-wrapper .avia-icongrid-flipback .avia-icongrid-text{\ncolor:rgba(255,255,255,0.78);\n}\n<\/style>\n<div  class='avia-icon-grid-container av-upudd-4b2d7c362e655b126809ea7e44daa937  avia-builder-el-4  avia-builder-el-no-sibling ' ><ul id='avia-icongrid-6a046f5d6532a' class='avia-icongrid clearfix avia_animate_when_almost_visible avia-icongrid-flipbox avia-icongrid-numrow-3 avia-cell-space-between av-flex-cells av-break-767 av-can-break-50'>\n<li class='av-icon-cell-item av-row-with-3-cells av-row-nr-1 av-cell-1 av-first-cell-row av-first-cell-item'><a href='https:\/\/www.compostelainserta.com\/gl\/recollida-aceite-vexetal-usado\/' title='Servizo de recollida de aceite vexetal usado'  class='avia-icongrid-wrapper av-13ygh-8b391535b8225b0a964dde36f367aa0e'><article class='article-icon-entry '  itemscope=\"itemscope\" itemtype=\"https:\/\/schema.org\/CreativeWork\" ><div class='avia-icongrid-front '><div class=\"avia-icongrid-inner\"><div class='avia-icongrid-icon'><span class='icongrid-char avia-iconfont avia-font-entypo-fontello' data-av_icon='\uf1e9' data-av_iconfont='entypo-fontello' ><\/span><\/div><header class=\"entry-content-header\" aria-label=\"Icon: Servizo de recollida de aceite vexetal usado\"><h4 class='av_icongrid_title icongrid_title '  itemprop=\"headline\" >Servizo de recollida de aceite vexetal usado<\/h4><\/header><\/div><\/div><div class='avia-icongrid-flipback '><div class=\"avia-icongrid-inner\"><div class='avia-icongrid-text'  itemprop=\"text\" ><p>O proceso de recollida de aceite de coci\u00f1a usado, soamente ten vantaxes para os integrantes da cadea circular, Concellos, empresas e cidad\u00e1ns: aforras, xeras emprego e coidas o medio ambiente<\/p>\n<\/div><\/div><\/div><\/article><\/a><\/li>\n<li class='av-icon-cell-item av-row-with-3-cells av-row-nr-1 av-cell-2 av-first-cell-row av-inner-cell-item'><a href='https:\/\/www.compostelainserta.com\/gl\/transportes-e-mudanzas\/' title='Servizo de Transporte de Mercancias'  class='avia-icongrid-wrapper av-gcobd-bfd6c3b2f5a4714a24d1b144698c41ae'><article class='article-icon-entry '  itemscope=\"itemscope\" itemtype=\"https:\/\/schema.org\/CreativeWork\" ><div class='avia-icongrid-front '><div class=\"avia-icongrid-inner\"><div class='avia-icongrid-icon'><span class='icongrid-char avia-iconfont avia-font-entypo-fontello' data-av_icon='\ue841' data-av_iconfont='entypo-fontello' ><\/span><\/div><header class=\"entry-content-header\" aria-label=\"Icon: Servizo de Transporte de Mercancias\"><h4 class='av_icongrid_title icongrid_title '  itemprop=\"headline\" >Servizo de Transporte de Mercancias<\/h4><\/header><\/div><\/div><div class='avia-icongrid-flipback '><div class=\"avia-icongrid-inner\"><div class='avia-icongrid-text'  itemprop=\"text\" ><p>Realizamos servizos dende pequenos portes privados ata portes de car\u00e1cter p\u00fablico, como medio de contribu\u00edr \u00e1 contrataci\u00f3n de persoal en situaci\u00f3n ou risco de exclusi\u00f3n social<\/p>\n<\/div><\/div><\/div><\/article><\/a><\/li>\n<li class='av-icon-cell-item av-row-with-3-cells av-row-nr-1 av-cell-3 av-first-cell-row av-last-cell-item'><a href='https:\/\/www.compostelainserta.com\/gl\/servizo-de-limpeza-e-desinfeccion-profesional\/' title='Limpezas'  class='avia-icongrid-wrapper av-8488x-7029af141d0f34858c13452f0e4f947a'><article class='article-icon-entry '  itemscope=\"itemscope\" itemtype=\"https:\/\/schema.org\/CreativeWork\" ><div class='avia-icongrid-front '><div class=\"avia-icongrid-inner\"><div class='avia-icongrid-icon'><span class='icongrid-char avia-iconfont avia-font-entypo-fontello' data-av_icon='\ue847' data-av_iconfont='entypo-fontello' ><\/span><\/div><header class=\"entry-content-header\" aria-label=\"Icon: Limpezas\"><h4 class='av_icongrid_title icongrid_title '  itemprop=\"headline\" >Limpezas<\/h4><\/header><\/div><\/div><div class='avia-icongrid-flipback '><div class=\"avia-icongrid-inner\"><div class='avia-icongrid-text'  itemprop=\"text\" ><p>Colaboramos cos servizos p\u00fablicos e entidades privadas realizando servizos de limpezas e mantemento profesionais de empresas, oficinas, comunidades de propietarios, establecementos comerciais<\/p>\n<\/div><\/div><\/div><\/article><\/a><\/li>\n<\/ul><\/div><\/div>\n<style type=\"text\/css\" data-created_by=\"avia_inline_auto\" id=\"style-css-av-d7ul5-402c4d2ba5017f488e9f3cc202f43c75\">\n#top .hr.hr-invisible.av-d7ul5-402c4d2ba5017f488e9f3cc202f43c75{\nheight:50px;\n}\n<\/style>\n<div  class='hr av-d7ul5-402c4d2ba5017f488e9f3cc202f43c75 hr-invisible  avia-builder-el-5  el_after_av_one_full  avia-builder-el-last '><span class='hr-inner '><span class=\"hr-inner-style\"><\/span><\/span><\/div>\n\n<\/div><\/div><\/div><!-- close content main div --><\/div><div class='av-extra-border-element border-extra-diagonal border-extra-diagonal-inverse '><div class='av-extra-border-outer'><div class='av-extra-border-inner'><\/div><\/div><\/div><\/div>\n<style type=\"text\/css\" data-created_by=\"avia_inline_auto\" id=\"style-css-av-ki8txdm9-739dc69b96478f5214e5c21576f391e9\">\n.avia-section.av-ki8txdm9-739dc69b96478f5214e5c21576f391e9{\nbackground-color:#ffffff;\nbackground-image:unset;\n}\n<\/style>\n<div id='av_section_2'  class='avia-section av-ki8txdm9-739dc69b96478f5214e5c21576f391e9 main_color avia-section-default avia-no-border-styling  avia-builder-el-6  el_after_av_section  avia-builder-el-last  avia-bg-style-scroll container_wrap fullsize'  ><div class='container av-section-cont-open' ><div class='template-page content  av-content-full alpha units'><div class='post-entry post-entry-type-page post-entry-241'><div class='entry-content-wrapper clearfix'>\n","protected":false},"excerpt":{"rendered":"","protected":false},"author":1,"featured_media":0,"parent":0,"menu_order":0,"comment_status":"closed","ping_status":"closed","template":"","meta":{"_joinchat":[],"footnotes":""},"class_list":["post-241","page","type-page","status-publish","hentry"],"_links":{"self":[{"href":"https:\/\/www.compostelainserta.com\/gl\/wp-json\/wp\/v2\/pages\/241","targetHints":{"allow":["GET"]}}],"collection":[{"href":"https:\/\/www.compostelainserta.com\/gl\/wp-json\/wp\/v2\/pages"}],"about":[{"href":"https:\/\/www.compostelainserta.com\/gl\/wp-json\/wp\/v2\/types\/page"}],"author":[{"embeddable":true,"href":"https:\/\/www.compostelainserta.com\/gl\/wp-json\/wp\/v2\/users\/1"}],"replies":[{"embeddable":true,"href":"https:\/\/www.compostelainserta.com\/gl\/wp-json\/wp\/v2\/comments?post=241"}],"version-history":[{"count":8,"href":"https:\/\/www.compostelainserta.com\/gl\/wp-json\/wp\/v2\/pages\/241\/revisions"}],"predecessor-version":[{"id":1971,"href":"https:\/\/www.compostelainserta.com\/gl\/wp-json\/wp\/v2\/pages\/241\/revisions\/1971"}],"wp:attachment":[{"href":"https:\/\/www.compostelainserta.com\/gl\/wp-json\/wp\/v2\/media?parent=241"}],"curies":[{"name":"wp","href":"https:\/\/api.w.org\/{rel}","templated":true}]}}